{"id":144,"date":"2023-10-17T13:21:09","date_gmt":"2023-10-17T11:21:09","guid":{"rendered":"https:\/\/inlightout.art\/?page_id=144"},"modified":"2024-06-19T13:53:12","modified_gmt":"2024-06-19T11:53:12","slug":"parcours","status":"publish","type":"page","link":"https:\/\/inlightout.art\/index.php\/parcours\/","title":{"rendered":"Parcours"},"content":{"rendered":"\n<div class=\"wp-block-columns is-layout-flex wp-container-core-columns-is-layout-28f84493 wp-block-columns-is-layout-flex\">\n<div class=\"wp-block-column is-layout-flow wp-block-column-is-layout-flow\">\n<div class=\"wp-block-columns is-layout-flex wp-container-core-columns-is-layout-28f84493 wp-block-columns-is-layout-flex\">\n<div class=\"wp-block-column is-layout-flow wp-block-column-is-layout-flow\" style=\"flex-basis:300px\">\n<figure class=\"wp-block-image size-full is-resized\"><img loading=\"lazy\" decoding=\"async\" width=\"200\" height=\"258\" src=\"https:\/\/inlightout.art\/wp-content\/uploads\/2023\/10\/olivia-2.png\" alt=\"\" class=\"wp-image-150\" style=\"aspect-ratio:0.7751937984496124;object-fit:cover;width:209px;height:auto\"\/><\/figure>\n<\/div>\n<\/div>\n<\/div>\n\n\n\n<div class=\"wp-block-column is-layout-flow wp-block-column-is-layout-flow\" style=\"flex-basis:510px\">\n<div class=\"wp-block-columns is-layout-flex wp-container-core-columns-is-layout-28f84493 wp-block-columns-is-layout-flex\">\n<div class=\"wp-block-column is-layout-flow wp-block-column-is-layout-flow\" style=\"flex-basis:100%\">\n<p>Artiste autodidacte, je suis n\u00e9e en Roumanie et je vis depuis plusieurs ann\u00e9es au Luxembourg. Je suis linguiste de formation mais j\u2019ai toujours \u00e9t\u00e9 attir\u00e9e par l\u2019art. D\u2019une fa\u00e7on ou d\u2019une autre, l\u2019envie de cr\u00e9er s\u2019est toujours manifest\u00e9e, en passant par la poterie, les bijoux, la mosa\u00efque\u2026<\/p>\n<\/div>\n<\/div>\n<\/div>\n<\/div>\n\n\n\n<p>Profond\u00e9ment admirative des artistes Stephen White et Cameron Mathieson, j\u2019ai eu envie d\u2019apprendre cette technique qui consiste \u00e0 cr\u00e9er des sculptures lumineuses \u2013 \u201clight sculptures\u201d \u2013 en collant de fines couches de papier successives.<\/p>\n\n\n\n<p>Je me suis donc donn\u00e9 les moyens : des heures de travail pour apprivoiser les mati\u00e8res et l\u2019audace d\u2019\u00e9crire \u00e0 Stephen White pour lui demander de \u201cguider mes mains\u201d.<\/p>\n\n\n\n<p>J\u2019ai une immense gratitude pour cet artiste qui, \u00e0 la fin de sa carri\u00e8re, a eu la g\u00e9n\u00e9rosit\u00e9 de me transmettre un peu de son savoir-faire et des secrets de cet art.<\/p>\n\n\n\n<p>Le nom sous lequel je cr\u00e9e mes sculptures \u2013 INLIGHT OUT \u2013 est un joli jeu de mots riche de sens. Il m\u2019est apparu dans un r\u00eave, peu de temps apr\u00e8s avoir commenc\u00e9 \u00e0 cr\u00e9er. Je trouve fascinant ce qui travaille en nous quand la conscience \u00e9veill\u00e9e est mise en pause.<\/p>\n\n\n\n<p>Je suis \u00e9galement une amoureuse des mots. Tout naturellement, ils s\u2019invitent parfois sur mes lampes.<\/p>\n\n\n\n<p>Passionn\u00e9e de lecture et de balades en nature, je m\u2019int\u00e9resse aux neurosciences, aux \u00e9tats modifi\u00e9s de conscience, aux capacit\u00e9s de gu\u00e9rison du corps humain et \u00e0 la spiritualit\u00e9 des peuples premiers. <\/p>\n\n\n\n<p>Mes sculptures lumineuses se nourrissent de toutes ces explorations et invitent \u00e0 laisser briller la lumi\u00e8re qui est en nous.<\/p>\n\n\n\n<figure class=\"wp-block-image aligncenter size-full\"><img loading=\"lazy\" decoding=\"async\" width=\"95\" height=\"61\" src=\"https:\/\/inlightout.art\/wp-content\/uploads\/2023\/10\/ara.png\" alt=\"\" class=\"wp-image-218\"\/><\/figure>\n","protected":false},"excerpt":{"rendered":"<p>Artiste autodidacte, je suis n\u00e9e en Roumanie et je vis depuis plusieurs ann\u00e9es au Luxembourg. Je suis linguiste de formation mais j\u2019ai toujours \u00e9t\u00e9 attir\u00e9e par l\u2019art. D\u2019une fa\u00e7on ou d\u2019une autre, l\u2019envie de cr\u00e9er s\u2019est toujours manifest\u00e9e, en passant par la poterie, les bijoux, la mosa\u00efque\u2026 Profond\u00e9ment admirative des artistes Stephen White et Cameron [&hellip;]<\/p>\n","protected":false},"author":1,"featured_media":0,"parent":0,"menu_order":0,"comment_status":"closed","ping_status":"closed","template":"wp-custom-template-ilo-pages","meta":{"_monsterinsights_skip_tracking":false,"_monsterinsights_sitenote_active":false,"_monsterinsights_sitenote_note":"","_monsterinsights_sitenote_category":0,"_uf_show_specific_survey":0,"_uf_disable_surveys":false,"footnotes":""},"class_list":["post-144","page","type-page","status-publish","hentry"],"aioseo_notices":[],"_links":{"self":[{"href":"https:\/\/inlightout.art\/index.php\/wp-json\/wp\/v2\/pages\/144","targetHints":{"allow":["GET"]}}],"collection":[{"href":"https:\/\/inlightout.art\/index.php\/wp-json\/wp\/v2\/pages"}],"about":[{"href":"https:\/\/inlightout.art\/index.php\/wp-json\/wp\/v2\/types\/page"}],"author":[{"embeddable":true,"href":"https:\/\/inlightout.art\/index.php\/wp-json\/wp\/v2\/users\/1"}],"replies":[{"embeddable":true,"href":"https:\/\/inlightout.art\/index.php\/wp-json\/wp\/v2\/comments?post=144"}],"version-history":[{"count":19,"href":"https:\/\/inlightout.art\/index.php\/wp-json\/wp\/v2\/pages\/144\/revisions"}],"predecessor-version":[{"id":372,"href":"https:\/\/inlightout.art\/index.php\/wp-json\/wp\/v2\/pages\/144\/revisions\/372"}],"wp:attachment":[{"href":"https:\/\/inlightout.art\/index.php\/wp-json\/wp\/v2\/media?parent=144"}],"curies":[{"name":"wp","href":"https:\/\/api.w.org\/{rel}","templated":true}]}}