{"id":126,"date":"2023-10-17T11:42:59","date_gmt":"2023-10-17T09:42:59","guid":{"rendered":"https:\/\/inlightout.art\/?page_id=126"},"modified":"2024-01-14T17:37:10","modified_gmt":"2024-01-14T16:37:10","slug":"processus","status":"publish","type":"page","link":"https:\/\/inlightout.art\/index.php\/processus\/","title":{"rendered":"Processus"},"content":{"rendered":"\n<figure class=\"wp-block-gallery has-nested-images columns-default is-cropped wp-block-gallery-1 is-layout-flex wp-block-gallery-is-layout-flex\">\n<figure class=\"wp-block-image size-full\"><img loading=\"lazy\" decoding=\"async\" width=\"200\" height=\"428\" data-id=\"208\" src=\"https:\/\/inlightout.art\/wp-content\/uploads\/2023\/10\/1-1.jpg\" alt=\"\" class=\"wp-image-208\" srcset=\"https:\/\/inlightout.art\/wp-content\/uploads\/2023\/10\/1-1.jpg 200w, https:\/\/inlightout.art\/wp-content\/uploads\/2023\/10\/1-1-140x300.jpg 140w\" sizes=\"auto, (max-width: 200px) 100vw, 200px\" \/><\/figure>\n\n\n\n<figure class=\"wp-block-image size-full\"><img loading=\"lazy\" decoding=\"async\" width=\"200\" height=\"428\" data-id=\"209\" src=\"https:\/\/inlightout.art\/wp-content\/uploads\/2023\/10\/2-1.jpg\" alt=\"\" class=\"wp-image-209\" srcset=\"https:\/\/inlightout.art\/wp-content\/uploads\/2023\/10\/2-1.jpg 200w, https:\/\/inlightout.art\/wp-content\/uploads\/2023\/10\/2-1-140x300.jpg 140w\" sizes=\"auto, (max-width: 200px) 100vw, 200px\" \/><\/figure>\n\n\n\n<figure class=\"wp-block-image size-full\"><img loading=\"lazy\" decoding=\"async\" width=\"200\" height=\"428\" data-id=\"210\" src=\"https:\/\/inlightout.art\/wp-content\/uploads\/2023\/10\/3-1.jpg\" alt=\"\" class=\"wp-image-210\" srcset=\"https:\/\/inlightout.art\/wp-content\/uploads\/2023\/10\/3-1.jpg 200w, https:\/\/inlightout.art\/wp-content\/uploads\/2023\/10\/3-1-140x300.jpg 140w\" sizes=\"auto, (max-width: 200px) 100vw, 200px\" \/><\/figure>\n<\/figure>\n\n\n\n<p>La technique que j\u2019utilise est, \u00e0 la base, celle des lampions chinois et japonais. Elle consiste \u00e0 cr\u00e9er une structure en bois souple sur laquelle on colle de petits morceaux de papiers d\u00e9chir\u00e9s \u00e0 la main de fa\u00e7on \u00e0 les couvrir avec une &#8220;peau&#8221; uniforme. Douze couches successives sont pos\u00e9es et coll\u00e9es une \u00e0 une, le papier devenant apr\u00e8s s\u00e9chage tr\u00e8s dur et r\u00e9sistant.<\/p>\n\n\n\n<p>Le temps n\u00e9cessaire pour cr\u00e9er une sculpture lumineuse varie \u2013 en fonction de sa taille et de sa complexit\u00e9 \u2013 de 2-3 semaines \u00e0 plusieurs mois.<\/p>\n\n\n\n<p>Sign\u00e9es, dat\u00e9es et num\u00e9rot\u00e9es, les sculptures sont uniques et faites enti\u00e8rement \u00e0 la main.<\/p>\n\n\n\n<p>Les mati\u00e8res que j\u2019emploie sont : rotin en rouleau, papier de riz, colle blanche non toxique, m\u00e9tal, bois, installation \u00e9lectrique.<\/p>\n\n\n\n<figure class=\"wp-block-image aligncenter size-full\"><img loading=\"lazy\" decoding=\"async\" width=\"95\" height=\"61\" src=\"https:\/\/inlightout.art\/wp-content\/uploads\/2023\/10\/ara.png\" alt=\"\" class=\"wp-image-218\"\/><\/figure>\n","protected":false},"excerpt":{"rendered":"<p>La technique que j\u2019utilise est, \u00e0 la base, celle des lampions chinois et japonais. Elle consiste \u00e0 cr\u00e9er une structure en bois souple sur laquelle on colle de petits morceaux de papiers d\u00e9chir\u00e9s \u00e0 la main de fa\u00e7on \u00e0 les couvrir avec une &#8220;peau&#8221; uniforme. Douze couches successives sont pos\u00e9es et coll\u00e9es une \u00e0 une, [&hellip;]<\/p>\n","protected":false},"author":1,"featured_media":0,"parent":0,"menu_order":0,"comment_status":"closed","ping_status":"closed","template":"wp-custom-template-ilo-pages","meta":{"_monsterinsights_skip_tracking":false,"_monsterinsights_sitenote_active":false,"_monsterinsights_sitenote_note":"","_monsterinsights_sitenote_category":0,"_uf_show_specific_survey":0,"_uf_disable_surveys":false,"footnotes":""},"class_list":["post-126","page","type-page","status-publish","hentry"],"aioseo_notices":[],"_links":{"self":[{"href":"https:\/\/inlightout.art\/index.php\/wp-json\/wp\/v2\/pages\/126","targetHints":{"allow":["GET"]}}],"collection":[{"href":"https:\/\/inlightout.art\/index.php\/wp-json\/wp\/v2\/pages"}],"about":[{"href":"https:\/\/inlightout.art\/index.php\/wp-json\/wp\/v2\/types\/page"}],"author":[{"embeddable":true,"href":"https:\/\/inlightout.art\/index.php\/wp-json\/wp\/v2\/users\/1"}],"replies":[{"embeddable":true,"href":"https:\/\/inlightout.art\/index.php\/wp-json\/wp\/v2\/comments?post=126"}],"version-history":[{"count":15,"href":"https:\/\/inlightout.art\/index.php\/wp-json\/wp\/v2\/pages\/126\/revisions"}],"predecessor-version":[{"id":359,"href":"https:\/\/inlightout.art\/index.php\/wp-json\/wp\/v2\/pages\/126\/revisions\/359"}],"wp:attachment":[{"href":"https:\/\/inlightout.art\/index.php\/wp-json\/wp\/v2\/media?parent=126"}],"curies":[{"name":"wp","href":"https:\/\/api.w.org\/{rel}","templated":true}]}}